{"id":2416,"date":"2018-05-28T13:12:01","date_gmt":"2018-05-28T11:12:01","guid":{"rendered":"http:\/\/www.snepfsu-aix.net\/aix\/?page_id=2416"},"modified":"2025-06-28T18:33:27","modified_gmt":"2025-06-28T16:33:27","slug":"barres-academiques","status":"publish","type":"page","link":"http:\/\/www.snepfsu-aix.net\/aix\/mutations\/intra\/barres-academiques\/","title":{"rendered":"Barres acad\u00e9miques"},"content":{"rendered":"\t\t<div data-elementor-type=\"wp-post\" data-elementor-id=\"2416\" class=\"elementor elementor-2416\" data-elementor-settings=\"[]\">\n\t\t\t\t\t\t<div class=\"elementor-inner\">\n\t\t\t\t\t\t\t<div class=\"elementor-section-wrap\">\n\t\t\t\t\t\t\t<section class=\"elementor-section elementor-top-section elementor-element elementor-element-d216158 elementor-section-boxed elementor-section-height-default elementor-section-height-default\" data-id=\"d216158\" data-element_type=\"section\">\n\t\t\t\t\t\t<div class=\"elementor-container elementor-column-gap-default\">\n\t\t\t\t\t\t\t<div class=\"elementor-row\">\n\t\t\t\t\t<div class=\"elementor-column elementor-col-100 elementor-top-column elementor-element elementor-element-3bca5bf\" data-id=\"3bca5bf\" data-element_type=\"column\">\n\t\t\t<div class=\"elementor-column-wrap elementor-element-populated\">\n\t\t\t\t\t\t\t<div class=\"elementor-widget-wrap\">\n\t\t\t\t\t\t<div class=\"elementor-element elementor-element-2e40182 elementor-widget elementor-widget-image\" data-id=\"2e40182\" data-element_type=\"widget\" data-widget_type=\"image.default\">\n\t\t\t\t<div class=\"elementor-widget-container\">\n\t\t\t\t\t\t\t\t<div class=\"elementor-image\">\n\t\t\t\t\t\t\t\t\t\t\t\t<img loading=\"lazy\" decoding=\"async\" width=\"800\" height=\"350\" src=\"http:\/\/www.snepfsu-aix.net\/aix\/wp-content\/uploads\/2025\/06\/Barres-mutation-INTRA-2025.png\" class=\"attachment-large size-large\" alt=\"\" srcset=\"http:\/\/www.snepfsu-aix.net\/aix\/wp-content\/uploads\/2025\/06\/Barres-mutation-INTRA-2025.png 800w, http:\/\/www.snepfsu-aix.net\/aix\/wp-content\/uploads\/2025\/06\/Barres-mutation-INTRA-2025-300x131.png 300w, http:\/\/www.snepfsu-aix.net\/aix\/wp-content\/uploads\/2025\/06\/Barres-mutation-INTRA-2025-768x336.png 768w\" sizes=\"auto, (max-width: 800px) 100vw, 800px\" \/>\t\t\t\t\t\t\t\t\t\t\t\t\t\t<\/div>\n\t\t\t\t\t\t<\/div>\n\t\t\t\t<\/div>\n\t\t\t\t<div class=\"elementor-element elementor-element-480c7d7 elementor-widget elementor-widget-image\" data-id=\"480c7d7\" data-element_type=\"widget\" data-widget_type=\"image.default\">\n\t\t\t\t<div class=\"elementor-widget-container\">\n\t\t\t\t\t\t\t\t<div class=\"elementor-image\">\n\t\t\t\t\t\t\t\t\t\t\t\t<img loading=\"lazy\" decoding=\"async\" width=\"800\" height=\"350\" src=\"http:\/\/www.snepfsu-aix.net\/aix\/wp-content\/uploads\/2024\/07\/Barres-mutation-INTRA-2024.png\" class=\"attachment-large size-large\" alt=\"\" srcset=\"http:\/\/www.snepfsu-aix.net\/aix\/wp-content\/uploads\/2024\/07\/Barres-mutation-INTRA-2024.png 800w, http:\/\/www.snepfsu-aix.net\/aix\/wp-content\/uploads\/2024\/07\/Barres-mutation-INTRA-2024-300x131.png 300w, http:\/\/www.snepfsu-aix.net\/aix\/wp-content\/uploads\/2024\/07\/Barres-mutation-INTRA-2024-768x336.png 768w\" sizes=\"auto, (max-width: 800px) 100vw, 800px\" \/>\t\t\t\t\t\t\t\t\t\t\t\t\t\t<\/div>\n\t\t\t\t\t\t<\/div>\n\t\t\t\t<\/div>\n\t\t\t\t\t\t<\/div>\n\t\t\t\t\t<\/div>\n\t\t<\/div>\n\t\t\t\t\t\t\t\t<\/div>\n\t\t\t\t\t<\/div>\n\t\t<\/section>\n\t\t\t\t<section class=\"elementor-section elementor-top-section elementor-element elementor-element-d5b6553 elementor-section-boxed elementor-section-height-default elementor-section-height-default\" data-id=\"d5b6553\" data-element_type=\"section\">\n\t\t\t\t\t\t<div class=\"elementor-container elementor-column-gap-default\">\n\t\t\t\t\t\t\t<div class=\"elementor-row\">\n\t\t\t\t\t<div class=\"elementor-column elementor-col-100 elementor-top-column elementor-element elementor-element-e3e1dae\" data-id=\"e3e1dae\" data-element_type=\"column\">\n\t\t\t<div class=\"elementor-column-wrap elementor-element-populated\">\n\t\t\t\t\t\t\t<div class=\"elementor-widget-wrap\">\n\t\t\t\t\t\t<div class=\"elementor-element elementor-element-f4a0c38 elementor-widget-divider--view-line elementor-widget elementor-widget-divider\" data-id=\"f4a0c38\" data-element_type=\"widget\" data-widget_type=\"divider.default\">\n\t\t\t\t<div class=\"elementor-widget-container\">\n\t\t\t\t\t<div class=\"elementor-divider\">\n\t\t\t<span class=\"elementor-divider-separator\">\n\t\t\t\t\t\t<\/span>\n\t\t<\/div>\n\t\t\t\t<\/div>\n\t\t\t\t<\/div>\n\t\t\t\t\t\t<\/div>\n\t\t\t\t\t<\/div>\n\t\t<\/div>\n\t\t\t\t\t\t\t\t<\/div>\n\t\t\t\t\t<\/div>\n\t\t<\/section>\n\t\t\t\t<section class=\"elementor-section elementor-top-section elementor-element elementor-element-1272e11 elementor-section-boxed elementor-section-height-default elementor-section-height-default\" data-id=\"1272e11\" data-element_type=\"section\">\n\t\t\t\t\t\t<div class=\"elementor-container elementor-column-gap-default\">\n\t\t\t\t\t\t\t<div class=\"elementor-row\">\n\t\t\t\t\t<div class=\"elementor-column elementor-col-100 elementor-top-column elementor-element elementor-element-46e9dea\" data-id=\"46e9dea\" data-element_type=\"column\">\n\t\t\t<div class=\"elementor-column-wrap elementor-element-populated\">\n\t\t\t\t\t\t\t<div class=\"elementor-widget-wrap\">\n\t\t\t\t\t\t<div class=\"elementor-element elementor-element-af44baf elementor-widget elementor-widget-toggle\" data-id=\"af44baf\" data-element_type=\"widget\" data-widget_type=\"toggle.default\">\n\t\t\t\t<div class=\"elementor-widget-container\">\n\t\t\t\t\t<div class=\"elementor-toggle\" role=\"tablist\">\n\t\t\t\t\t\t\t<div class=\"elementor-toggle-item\">\n\t\t\t\t\t<div id=\"elementor-tab-title-1831\" class=\"elementor-tab-title\" data-tab=\"1\" role=\"tab\" aria-controls=\"elementor-tab-content-1831\" aria-expanded=\"false\">\n\t\t\t\t\t\t\t\t\t\t\t\t<span class=\"elementor-toggle-icon elementor-toggle-icon-left\" aria-hidden=\"true\">\n\t\t\t\t\t\t\t\t\t\t\t\t\t\t\t<span class=\"elementor-toggle-icon-closed\"><i class=\"fas fa-caret-right\"><\/i><\/span>\n\t\t\t\t\t\t\t\t<span class=\"elementor-toggle-icon-opened\"><i class=\"elementor-toggle-icon-opened fas fa-caret-up\"><\/i><\/span>\n\t\t\t\t\t\t\t\t\t\t\t\t\t<\/span>\n\t\t\t\t\t\t\t\t\t\t\t\t<a href=\"\" class=\"elementor-toggle-title\">2023<\/a>\n\t\t\t\t\t<\/div>\n\n\t\t\t\t\t<div id=\"elementor-tab-content-1831\" class=\"elementor-tab-content elementor-clearfix\" data-tab=\"1\" role=\"tabpanel\" aria-labelledby=\"elementor-tab-title-1831\"><table>\n<tbody>\n<tr>\n<td style=\"width: 54.0125px;\">\n<p><strong>13<\/strong><\/p>\n<\/td>\n<td style=\"width: 535.188px;\">\n<p>165<\/p>\n<\/td>\n<\/tr>\n<tr>\n<td style=\"width: 54.0125px;\">\n<p><strong>84<\/strong><\/p>\n<\/td>\n<td style=\"width: 535.188px;\">\n<p>88<\/p>\n<\/td>\n<\/tr>\n<tr>\n<td style=\"width: 54.0125px;\">\n<p><strong>04<\/strong><\/p>\n<\/td>\n<td style=\"width: 535.188px;\">\n<p>497.2<\/p>\n<\/td>\n<\/tr>\n<tr>\n<td style=\"width: 54.0125px;\">\n<p><strong>05<\/strong><\/p>\n<\/td>\n<td style=\"width: 535.188px;\">\n<p>647.2<\/p>\n<\/td>\n<\/tr>\n<\/tbody>\n<\/table><\/div>\n\t\t\t\t<\/div>\n\t\t\t\t\t\t\t<div class=\"elementor-toggle-item\">\n\t\t\t\t\t<div id=\"elementor-tab-title-1832\" class=\"elementor-tab-title\" data-tab=\"2\" role=\"tab\" aria-controls=\"elementor-tab-content-1832\" aria-expanded=\"false\">\n\t\t\t\t\t\t\t\t\t\t\t\t<span class=\"elementor-toggle-icon elementor-toggle-icon-left\" aria-hidden=\"true\">\n\t\t\t\t\t\t\t\t\t\t\t\t\t\t\t<span class=\"elementor-toggle-icon-closed\"><i class=\"fas fa-caret-right\"><\/i><\/span>\n\t\t\t\t\t\t\t\t<span class=\"elementor-toggle-icon-opened\"><i class=\"elementor-toggle-icon-opened fas fa-caret-up\"><\/i><\/span>\n\t\t\t\t\t\t\t\t\t\t\t\t\t<\/span>\n\t\t\t\t\t\t\t\t\t\t\t\t<a href=\"\" class=\"elementor-toggle-title\">2022<\/a>\n\t\t\t\t\t<\/div>\n\n\t\t\t\t\t<div id=\"elementor-tab-content-1832\" class=\"elementor-tab-content elementor-clearfix\" data-tab=\"2\" role=\"tabpanel\" aria-labelledby=\"elementor-tab-title-1832\"><table>\n<tbody>\n<tr>\n<td style=\"width: 54.0125px;\">\n<p><strong>13<\/strong><\/p>\n<\/td>\n<td style=\"width: 535.188px;\">\n<p>172,2<\/p>\n<\/td>\n<\/tr>\n<tr>\n<td style=\"width: 54.0125px;\">\n<p><strong>84<\/strong><\/p>\n<\/td>\n<td style=\"width: 535.188px;\">\n<p>68<\/p>\n<\/td>\n<\/tr>\n<tr>\n<td style=\"width: 54.0125px;\">\n<p><strong>04<\/strong><\/p>\n<\/td>\n<td style=\"width: 535.188px;\">\n<p>461,2<\/p>\n<\/td>\n<\/tr>\n<tr>\n<td style=\"width: 54.0125px;\">\n<p><strong>05<\/strong><\/p>\n<\/td>\n<td style=\"width: 535.188px;\">\n<p>1 seul poste priorit\u00e9 m\u00e9dicale(donc barre non donn\u00e9e)<\/p>\n<\/td>\n<\/tr>\n<\/tbody>\n<\/table><\/div>\n\t\t\t\t<\/div>\n\t\t\t\t\t\t\t<div class=\"elementor-toggle-item\">\n\t\t\t\t\t<div id=\"elementor-tab-title-1833\" class=\"elementor-tab-title\" data-tab=\"3\" role=\"tab\" aria-controls=\"elementor-tab-content-1833\" aria-expanded=\"false\">\n\t\t\t\t\t\t\t\t\t\t\t\t<span class=\"elementor-toggle-icon elementor-toggle-icon-left\" aria-hidden=\"true\">\n\t\t\t\t\t\t\t\t\t\t\t\t\t\t\t<span class=\"elementor-toggle-icon-closed\"><i class=\"fas fa-caret-right\"><\/i><\/span>\n\t\t\t\t\t\t\t\t<span class=\"elementor-toggle-icon-opened\"><i class=\"elementor-toggle-icon-opened fas fa-caret-up\"><\/i><\/span>\n\t\t\t\t\t\t\t\t\t\t\t\t\t<\/span>\n\t\t\t\t\t\t\t\t\t\t\t\t<a href=\"\" class=\"elementor-toggle-title\">2021<\/a>\n\t\t\t\t\t<\/div>\n\n\t\t\t\t\t<div id=\"elementor-tab-content-1833\" class=\"elementor-tab-content elementor-clearfix\" data-tab=\"3\" role=\"tabpanel\" aria-labelledby=\"elementor-tab-title-1833\"><p><img decoding=\"async\" src=\"http:\/\/www.snepfsu-aix.net\/aix\/wp-content\/uploads\/2021\/07\/Barres-mut-intra-2021.png\" alt=\"\" \/><\/p><\/div>\n\t\t\t\t<\/div>\n\t\t\t\t\t\t\t<div class=\"elementor-toggle-item\">\n\t\t\t\t\t<div id=\"elementor-tab-title-1834\" class=\"elementor-tab-title\" data-tab=\"4\" role=\"tab\" aria-controls=\"elementor-tab-content-1834\" aria-expanded=\"false\">\n\t\t\t\t\t\t\t\t\t\t\t\t<span class=\"elementor-toggle-icon elementor-toggle-icon-left\" aria-hidden=\"true\">\n\t\t\t\t\t\t\t\t\t\t\t\t\t\t\t<span class=\"elementor-toggle-icon-closed\"><i class=\"fas fa-caret-right\"><\/i><\/span>\n\t\t\t\t\t\t\t\t<span class=\"elementor-toggle-icon-opened\"><i class=\"elementor-toggle-icon-opened fas fa-caret-up\"><\/i><\/span>\n\t\t\t\t\t\t\t\t\t\t\t\t\t<\/span>\n\t\t\t\t\t\t\t\t\t\t\t\t<a href=\"\" class=\"elementor-toggle-title\">2020<\/a>\n\t\t\t\t\t<\/div>\n\n\t\t\t\t\t<div id=\"elementor-tab-content-1834\" class=\"elementor-tab-content elementor-clearfix\" data-tab=\"4\" role=\"tabpanel\" aria-labelledby=\"elementor-tab-title-1834\"><p><strong>Acad\u00a0: 643,2<\/strong><\/p>\n<p>-13: 390,2 points.<\/p>\n<p>-84\u00a0: 370,2 points<\/p>\n<p>-04\u00a0: 649,2 points<\/p>\n<p>-05\u00a0: 1208,2 points<\/p><\/div>\n\t\t\t\t<\/div>\n\t\t\t\t\t\t\t<div class=\"elementor-toggle-item\">\n\t\t\t\t\t<div id=\"elementor-tab-title-1835\" class=\"elementor-tab-title\" data-tab=\"5\" role=\"tab\" aria-controls=\"elementor-tab-content-1835\" aria-expanded=\"false\">\n\t\t\t\t\t\t\t\t\t\t\t\t<span class=\"elementor-toggle-icon elementor-toggle-icon-left\" aria-hidden=\"true\">\n\t\t\t\t\t\t\t\t\t\t\t\t\t\t\t<span class=\"elementor-toggle-icon-closed\"><i class=\"fas fa-caret-right\"><\/i><\/span>\n\t\t\t\t\t\t\t\t<span class=\"elementor-toggle-icon-opened\"><i class=\"elementor-toggle-icon-opened fas fa-caret-up\"><\/i><\/span>\n\t\t\t\t\t\t\t\t\t\t\t\t\t<\/span>\n\t\t\t\t\t\t\t\t\t\t\t\t<a href=\"\" class=\"elementor-toggle-title\">2019<\/a>\n\t\t\t\t\t<\/div>\n\n\t\t\t\t\t<div id=\"elementor-tab-content-1835\" class=\"elementor-tab-content elementor-clearfix\" data-tab=\"5\" role=\"tabpanel\" aria-labelledby=\"elementor-tab-title-1835\"><p><a href=\"http:\/\/www.snepfsu-aix.net\/aix\/wp-content\/uploads\/2019\/06\/barres-intra-2019.png\">Barres 2019<\/a><\/p><\/div>\n\t\t\t\t<\/div>\n\t\t\t\t\t\t\t<div class=\"elementor-toggle-item\">\n\t\t\t\t\t<div id=\"elementor-tab-title-1836\" class=\"elementor-tab-title\" data-tab=\"6\" role=\"tab\" aria-controls=\"elementor-tab-content-1836\" aria-expanded=\"false\">\n\t\t\t\t\t\t\t\t\t\t\t\t<span class=\"elementor-toggle-icon elementor-toggle-icon-left\" aria-hidden=\"true\">\n\t\t\t\t\t\t\t\t\t\t\t\t\t\t\t<span class=\"elementor-toggle-icon-closed\"><i class=\"fas fa-caret-right\"><\/i><\/span>\n\t\t\t\t\t\t\t\t<span class=\"elementor-toggle-icon-opened\"><i class=\"elementor-toggle-icon-opened fas fa-caret-up\"><\/i><\/span>\n\t\t\t\t\t\t\t\t\t\t\t\t\t<\/span>\n\t\t\t\t\t\t\t\t\t\t\t\t<a href=\"\" class=\"elementor-toggle-title\">2018<\/a>\n\t\t\t\t\t<\/div>\n\n\t\t\t\t\t<div id=\"elementor-tab-content-1836\" class=\"elementor-tab-content elementor-clearfix\" data-tab=\"6\" role=\"tabpanel\" aria-labelledby=\"elementor-tab-title-1836\"><p><a href=\"http:\/\/www.snepfsu-aix.net\/aix\/wp-content\/uploads\/2018\/09\/bilan-mutation-2018.pdf\">Bilan mutation<\/a><\/p>\n<p><a href=\"http:\/\/www.snepfsu-aix.net\/aix\/barres-intra-mvt-2018\/\">Barres postes fixes<\/a><\/p><\/div>\n\t\t\t\t<\/div>\n\t\t\t\t\t\t\t<div class=\"elementor-toggle-item\">\n\t\t\t\t\t<div id=\"elementor-tab-title-1837\" class=\"elementor-tab-title\" data-tab=\"7\" role=\"tab\" aria-controls=\"elementor-tab-content-1837\" aria-expanded=\"false\">\n\t\t\t\t\t\t\t\t\t\t\t\t<span class=\"elementor-toggle-icon elementor-toggle-icon-left\" aria-hidden=\"true\">\n\t\t\t\t\t\t\t\t\t\t\t\t\t\t\t<span class=\"elementor-toggle-icon-closed\"><i class=\"fas fa-caret-right\"><\/i><\/span>\n\t\t\t\t\t\t\t\t<span class=\"elementor-toggle-icon-opened\"><i class=\"elementor-toggle-icon-opened fas fa-caret-up\"><\/i><\/span>\n\t\t\t\t\t\t\t\t\t\t\t\t\t<\/span>\n\t\t\t\t\t\t\t\t\t\t\t\t<a href=\"\" class=\"elementor-toggle-title\">2017<\/a>\n\t\t\t\t\t<\/div>\n\n\t\t\t\t\t<div id=\"elementor-tab-content-1837\" class=\"elementor-tab-content elementor-clearfix\" data-tab=\"7\" role=\"tabpanel\" aria-labelledby=\"elementor-tab-title-1837\"><p><a href=\"http:\/\/www.snepfsu-aix.net\/aix\/barres-intra-mvt-2016_-84_\/\">Barre du 84<\/a><\/p>\n<p><a href=\"http:\/\/www.snepfsu-aix.net\/aix\/barres-intra-mvt-2016_-13_hors_marseille\/\">Barre du 13 (hors Marseille)<\/a><\/p>\n<p><a href=\"http:\/\/www.snepfsu-aix.net\/aix\/barres-intra-mvt-2016_-13_marseille\/\">Barre du 13 (ville de Marseille)<\/a><\/p>\n<p><a href=\"http:\/\/www.snepfsu-aix.net\/aix\/barres-intra-mvt-2016_-05\/\">Barre du 05<\/a><\/p>\n<p><a href=\"http:\/\/www.snepfsu-aix.net\/aix\/barres-intra-mvt-2016_-04\/\">Barre du 04<\/a><\/p><\/div>\n\t\t\t\t<\/div>\n\t\t\t\t\t\t\t<div class=\"elementor-toggle-item\">\n\t\t\t\t\t<div id=\"elementor-tab-title-1838\" class=\"elementor-tab-title\" data-tab=\"8\" role=\"tab\" aria-controls=\"elementor-tab-content-1838\" aria-expanded=\"false\">\n\t\t\t\t\t\t\t\t\t\t\t\t<span class=\"elementor-toggle-icon elementor-toggle-icon-left\" aria-hidden=\"true\">\n\t\t\t\t\t\t\t\t\t\t\t\t\t\t\t<span class=\"elementor-toggle-icon-closed\"><i class=\"fas fa-caret-right\"><\/i><\/span>\n\t\t\t\t\t\t\t\t<span class=\"elementor-toggle-icon-opened\"><i class=\"elementor-toggle-icon-opened fas fa-caret-up\"><\/i><\/span>\n\t\t\t\t\t\t\t\t\t\t\t\t\t<\/span>\n\t\t\t\t\t\t\t\t\t\t\t\t<a href=\"\" class=\"elementor-toggle-title\">2016<\/a>\n\t\t\t\t\t<\/div>\n\n\t\t\t\t\t<div id=\"elementor-tab-content-1838\" class=\"elementor-tab-content elementor-clearfix\" data-tab=\"8\" role=\"tabpanel\" aria-labelledby=\"elementor-tab-title-1838\"><p><a href=\"http:\/\/www.snepfsu-aix.net\/aix\/wp-content\/uploads\/2018\/09\/Barres-intra-mvt-2017_-84.pdf\">Barre du 84<\/a><\/p>\n<p><a href=\"http:\/\/www.snepfsu-aix.net\/aix\/wp-content\/uploads\/2018\/09\/Barres-intra-mvt-2017_-13.pdf\">Barre du 13 (hors Marseille)<\/a><\/p>\n<p><a href=\"http:\/\/www.snepfsu-aix.net\/aix\/wp-content\/uploads\/2018\/09\/Barres-intra-mvt-2017_-13_Marseille.pdf\">Barre du 13 (ville de Marseille)<\/a><\/p>\n<p><a href=\"http:\/\/www.snepfsu-aix.net\/aix\/wp-content\/uploads\/2018\/09\/Barres-intra-mvt-2017_-05.pdf\">Barre du 05<\/a><\/p>\n<p><a href=\"http:\/\/www.snepfsu-aix.net\/aix\/?p=2827\">Barre du 04<\/a><\/p><\/div>\n\t\t\t\t<\/div>\n\t\t\t\t\t\t\t<div class=\"elementor-toggle-item\">\n\t\t\t\t\t<div id=\"elementor-tab-title-1839\" class=\"elementor-tab-title\" data-tab=\"9\" role=\"tab\" aria-controls=\"elementor-tab-content-1839\" aria-expanded=\"false\">\n\t\t\t\t\t\t\t\t\t\t\t\t<span class=\"elementor-toggle-icon elementor-toggle-icon-left\" aria-hidden=\"true\">\n\t\t\t\t\t\t\t\t\t\t\t\t\t\t\t<span class=\"elementor-toggle-icon-closed\"><i class=\"fas fa-caret-right\"><\/i><\/span>\n\t\t\t\t\t\t\t\t<span class=\"elementor-toggle-icon-opened\"><i class=\"elementor-toggle-icon-opened fas fa-caret-up\"><\/i><\/span>\n\t\t\t\t\t\t\t\t\t\t\t\t\t<\/span>\n\t\t\t\t\t\t\t\t\t\t\t\t<a href=\"\" class=\"elementor-toggle-title\">2015<\/a>\n\t\t\t\t\t<\/div>\n\n\t\t\t\t\t<div id=\"elementor-tab-content-1839\" class=\"elementor-tab-content elementor-clearfix\" data-tab=\"9\" role=\"tabpanel\" aria-labelledby=\"elementor-tab-title-1839\"><p><a href=\"http:\/\/www.snepfsu-aix.net\/aix\/barres-acad-2015\/\">Barre intra 2015<\/a><\/p><\/div>\n\t\t\t\t<\/div>\n\t\t\t\t\t\t\t\t<\/div>\n\t\t\t\t<\/div>\n\t\t\t\t<\/div>\n\t\t\t\t\t\t<\/div>\n\t\t\t\t\t<\/div>\n\t\t<\/div>\n\t\t\t\t\t\t\t\t<\/div>\n\t\t\t\t\t<\/div>\n\t\t<\/section>\n\t\t\t\t\t\t<\/div>\n\t\t\t\t\t\t<\/div>\n\t\t\t\t\t<\/div>\n\t\t","protected":false},"excerpt":{"rendered":"<p>2023 13 165 84 88 04 497.2 05 647.2 2022 13 172,2 84 68 04 461,2 05 1 seul poste<\/p>\n","protected":false},"author":2,"featured_media":0,"parent":2310,"menu_order":0,"comment_status":"closed","ping_status":"closed","template":"","meta":{"footnotes":""},"class_list":["post-2416","page","type-page","status-publish","hentry"],"_links":{"self":[{"href":"http:\/\/www.snepfsu-aix.net\/aix\/wp-json\/wp\/v2\/pages\/2416","targetHints":{"allow":["GET"]}}],"collection":[{"href":"http:\/\/www.snepfsu-aix.net\/aix\/wp-json\/wp\/v2\/pages"}],"about":[{"href":"http:\/\/www.snepfsu-aix.net\/aix\/wp-json\/wp\/v2\/types\/page"}],"author":[{"embeddable":true,"href":"http:\/\/www.snepfsu-aix.net\/aix\/wp-json\/wp\/v2\/users\/2"}],"replies":[{"embeddable":true,"href":"http:\/\/www.snepfsu-aix.net\/aix\/wp-json\/wp\/v2\/comments?post=2416"}],"version-history":[{"count":32,"href":"http:\/\/www.snepfsu-aix.net\/aix\/wp-json\/wp\/v2\/pages\/2416\/revisions"}],"predecessor-version":[{"id":10268,"href":"http:\/\/www.snepfsu-aix.net\/aix\/wp-json\/wp\/v2\/pages\/2416\/revisions\/10268"}],"up":[{"embeddable":true,"href":"http:\/\/www.snepfsu-aix.net\/aix\/wp-json\/wp\/v2\/pages\/2310"}],"wp:attachment":[{"href":"http:\/\/www.snepfsu-aix.net\/aix\/wp-json\/wp\/v2\/media?parent=2416"}],"curies":[{"name":"wp","href":"https:\/\/api.w.org\/{rel}","templated":true}]}}