{"id":2346,"date":"2018-05-22T15:43:24","date_gmt":"2018-05-22T13:43:24","guid":{"rendered":"http:\/\/www.snepfsu-aix.net\/aix\/?page_id=2346"},"modified":"2026-03-18T08:55:33","modified_gmt":"2026-03-18T07:55:33","slug":"superieur","status":"publish","type":"page","link":"http:\/\/www.snepfsu-aix.net\/aix\/metier\/superieur\/","title":{"rendered":"Sup\u00e9rieur"},"content":{"rendered":"\t\t<div data-elementor-type=\"wp-post\" data-elementor-id=\"2346\" class=\"elementor elementor-2346\" data-elementor-settings=\"[]\">\n\t\t\t\t\t\t<div class=\"elementor-inner\">\n\t\t\t\t\t\t\t<div class=\"elementor-section-wrap\">\n\t\t\t\t\t\t\t<section class=\"elementor-section elementor-top-section elementor-element elementor-element-a70502b elementor-section-boxed elementor-section-height-default elementor-section-height-default\" data-id=\"a70502b\" data-element_type=\"section\">\n\t\t\t\t\t\t<div class=\"elementor-container elementor-column-gap-default\">\n\t\t\t\t\t\t\t<div class=\"elementor-row\">\n\t\t\t\t\t<div class=\"elementor-column elementor-col-100 elementor-top-column elementor-element elementor-element-42f9483\" data-id=\"42f9483\" data-element_type=\"column\">\n\t\t\t<div class=\"elementor-column-wrap elementor-element-populated\">\n\t\t\t\t\t\t\t<div class=\"elementor-widget-wrap\">\n\t\t\t\t\t\t<div class=\"elementor-element elementor-element-086582f elementor-widget elementor-widget-text-editor\" data-id=\"086582f\" data-element_type=\"widget\" data-widget_type=\"text-editor.default\">\n\t\t\t\t<div class=\"elementor-widget-container\">\n\t\t\t\t\t\t\t\t<div class=\"elementor-text-editor elementor-clearfix\">\n\t\t\t\t<p><strong>Le SNEP-FSU\u00a0 le 11\/03\/2026\u00a0<\/strong><br \/><br \/>Cher-e coll\u00e8gue de STAPS et INSPE &#8211; EPS ,<\/p>\n<p class=\"v1MsoNormal\"><strong>Nous avons constat\u00e9 ce 10 mars un d\u00e9but de mobilisation significatif en particulier en STAPS<\/strong>\u00a0chez les coll\u00e8gues et surtout les \u00e9tudiants\u00b7es avec l&rsquo;ANESTPAS. Le rassemblement \u00e0 Paris devant le MESR en t\u00e9moignait avec les \u00e9tudiants\u00b7es et coll\u00e8gues STAPS de Bobigny, Cr\u00e9teil, Orsay, Nanterre, Paris cit\u00e9,&#8230;, des \u00e9tudiants\u00b7es \u00e9taient aussi venues de Rouen, Poitiers, Tarbes.\u00a0<strong>La mobilisation dans l&rsquo;hexagone<\/strong>\u00a0\u00e9tait aussi significative avec Lyon 1, Reims, Marseille, Rouen, Guadeloupe, Grenoble et d&rsquo;autres&#8230; La presse nationale et r\u00e9gionale s&rsquo;est fait l&rsquo;\u00e9cho de cette mobilisation. Merci \u00e0 tous ceux-celles qui se sont mobilis\u00e9\u00b7es<\/p>\n<p class=\"v1MsoNormal\"><strong>Hier soir \u00e0 l&rsquo;initiative\u00a0<\/strong>du SNEP-FSU et du SNESUP-FSU nous avions organis\u00e9 une visio AG sp\u00e9cifique sur la mobilisation autour de la FDE dont le sujet brulant des non-laur\u00e9ats. 45 coll\u00e8gues y ont particip\u00e9 dont la moiti\u00e9 de coll\u00e8gues STAPS-INSPE \/ EPS. Nous y avons fait le tour des mobilisations et probl\u00e9matiques et proposer des suites. Nous y avions invit\u00e9 l&rsquo;ANESTAPS.<\/p>\n<p class=\"v1MsoNormal\">Aussi en attendant l&rsquo;organisation, la date d&rsquo;une nouvelle journ\u00e9e nationale d&rsquo;action sur le budget global de l&rsquo;ESR avec le sujet sp\u00e9cifique aussi de la FDE et afin de maintenir la pression sur nos revendications ;\u00a0<strong>nous proposons dans l&rsquo;imm\u00e9diat comme action, partout o\u00f9 c&rsquo;est possible, dans les STAPS entre autres, de faire des d\u00e9l\u00e9gations mixtes<\/strong>\u00a0(Etudiant\u00b7es, Enseignants\u00b7es) pour rencontrer les pr\u00e9sidences d&rsquo;universit\u00e9s\u00a0<strong>et surtout tous les recteurs\u00b7rices (repr\u00e9sentant le ministre de l&rsquo;ESR).<\/strong>\u00a0Et bien s\u00fbr de m\u00e9diatiser avec la presse locale ces actions.<\/p>\n<p class=\"v1MsoNormal\"><strong>Nos revendications portent en urgence sur l&rsquo;accueil \u00e0 l&rsquo;universit\u00e9 de tous les non-laur\u00e9ats des concours pour la rentr\u00e9e 2026<\/strong>. Face aux difficult\u00e9s budg\u00e9taires de toutes les universit\u00e9s il faut un collectif budg\u00e9taire entre autres.<\/p>\n<p class=\"v1MsoNormal\"><strong>Rappelons que les universit\u00e9s<\/strong>\u00a0ont dans leurs missions de permettre la poursuite d&rsquo;\u00e9tude pour tous les \u00e9tudiants\u00b7es et de les accompagner en permanence pour la r\u00e9ussite dans leurs \u00e9tudes.<\/p>\n<p class=\"v1MsoNormal\">Il faut donc augmenter les capacit\u00e9s et moyens d&rsquo;accueils en master et en licence dont la L3.<\/p>\n<p class=\"v1MsoNormal\">Nous contactons l&rsquo;ANESTAPS, la C3D, l&rsquo;ARIS pour travailler aussi \u00e0 ces suites. L&rsquo;avenir de nos \u00e9tudiants\u00b7es fait parti de nos missions de service public. Tenez-nous au courant des initiatives qui sont prises.<\/p>\n<p class=\"v1MsoNormal\">Solidairement.<\/p>\n<p class=\"v1MsoNormal\">Pour le SNEP-FSU<\/p>\n<p class=\"v1MsoNormal\">Pascal Anger \u2013 Gilles Renault \u2013 Maxime Espoune.<\/p>\t\t\t\t\t<\/div>\n\t\t\t\t\t\t<\/div>\n\t\t\t\t<\/div>\n\t\t\t\t\t\t<\/div>\n\t\t\t\t\t<\/div>\n\t\t<\/div>\n\t\t\t\t\t\t\t\t<\/div>\n\t\t\t\t\t<\/div>\n\t\t<\/section>\n\t\t\t\t<section class=\"elementor-section elementor-top-section elementor-element elementor-element-adfb22b elementor-section-boxed elementor-section-height-default elementor-section-height-default\" data-id=\"adfb22b\" data-element_type=\"section\" data-settings=\"{&quot;background_background&quot;:&quot;classic&quot;}\">\n\t\t\t\t\t\t\t<div class=\"elementor-background-overlay\"><\/div>\n\t\t\t\t\t\t\t<div class=\"elementor-container elementor-column-gap-default\">\n\t\t\t\t\t\t\t<div class=\"elementor-row\">\n\t\t\t\t\t<div class=\"elementor-column elementor-col-50 elementor-top-column elementor-element elementor-element-eb53a7e\" data-id=\"eb53a7e\" data-element_type=\"column\">\n\t\t\t<div class=\"elementor-column-wrap elementor-element-populated\">\n\t\t\t\t\t\t\t<div class=\"elementor-widget-wrap\">\n\t\t\t\t\t\t<div class=\"elementor-element elementor-element-9f65946 elementor-widget elementor-widget-heading\" data-id=\"9f65946\" data-element_type=\"widget\" data-widget_type=\"heading.default\">\n\t\t\t\t<div class=\"elementor-widget-container\">\n\t\t\t<h3 class=\"elementor-heading-title elementor-size-default\">CAPEPS (S) 2025\/2026<\/h3>\t\t<\/div>\n\t\t\t\t<\/div>\n\t\t\t\t<div class=\"elementor-element elementor-element-a4f4eef elementor-widget elementor-widget-image\" data-id=\"a4f4eef\" data-element_type=\"widget\" data-widget_type=\"image.default\">\n\t\t\t\t<div class=\"elementor-widget-container\">\n\t\t\t\t\t\t\t\t<div class=\"elementor-image\">\n\t\t\t\t\t\t\t\t\t\t\t\t<img loading=\"lazy\" decoding=\"async\" width=\"720\" height=\"480\" src=\"http:\/\/www.snepfsu-aix.net\/aix\/wp-content\/uploads\/2025\/11\/concours-capeps.jpg\" class=\"attachment-large size-large\" alt=\"\" srcset=\"http:\/\/www.snepfsu-aix.net\/aix\/wp-content\/uploads\/2025\/11\/concours-capeps.jpg 720w, http:\/\/www.snepfsu-aix.net\/aix\/wp-content\/uploads\/2025\/11\/concours-capeps-300x200.jpg 300w\" sizes=\"auto, (max-width: 720px) 100vw, 720px\" \/>\t\t\t\t\t\t\t\t\t\t\t\t\t\t<\/div>\n\t\t\t\t\t\t<\/div>\n\t\t\t\t<\/div>\n\t\t\t\t\t\t<\/div>\n\t\t\t\t\t<\/div>\n\t\t<\/div>\n\t\t\t\t<div class=\"elementor-column elementor-col-50 elementor-top-column elementor-element elementor-element-b4ad2db\" data-id=\"b4ad2db\" data-element_type=\"column\">\n\t\t\t<div class=\"elementor-column-wrap elementor-element-populated\">\n\t\t\t\t\t\t\t<div class=\"elementor-widget-wrap\">\n\t\t\t\t\t\t<div class=\"elementor-element elementor-element-7cdfe38 elementor-widget elementor-widget-text-editor\" data-id=\"7cdfe38\" data-element_type=\"widget\" data-widget_type=\"text-editor.default\">\n\t\t\t\t<div class=\"elementor-widget-container\">\n\t\t\t\t\t\t\t\t<div class=\"elementor-text-editor elementor-clearfix\">\n\t\t\t\t<p>Les postes aux concours (sous r\u00e9serve de l\u2019adoption du budget) ont \u00e9t\u00e9 annonc\u00e9s par le minist\u00e8re (apr\u00e8s une forte demande syndicale pour permettre aux \u00e9tudiant\u00b7es et aux enseignant\u00b7es de commencer \u00e0 s\u2019organiser).\u00a0<\/p>\n<p><strong>Pour la session 2026, il y aura 478 postes au concours L3 et 645 au concours M2.\u00a0<\/strong><\/p>\n<p>Cela risque de poser de nombreux probl\u00e8mes pour les \u00e9tudiant\u00b7es de L3 car plusieurs INSPE annoncent d\u00e9j\u00e0 ne pas accueillir les non laur\u00e9at\u00b7es en master.\u00a0<br \/><br \/>M\u00e9mo FDE : <a href=\"https:\/\/lesite.snepfsu.fr\/les-secteurs\/enseignement-superieur\/staps\/memo-fde-sur-les-enjeux-et-infos-connues-au-06-11-2025\/\">LIEN<\/a><\/p>\t\t\t\t\t<\/div>\n\t\t\t\t\t\t<\/div>\n\t\t\t\t<\/div>\n\t\t\t\t\t\t<\/div>\n\t\t\t\t\t<\/div>\n\t\t<\/div>\n\t\t\t\t\t\t\t\t<\/div>\n\t\t\t\t\t<\/div>\n\t\t<\/section>\n\t\t\t\t<section class=\"elementor-section elementor-top-section elementor-element elementor-element-ff227a5 elementor-section-boxed elementor-section-height-default elementor-section-height-default\" data-id=\"ff227a5\" data-element_type=\"section\">\n\t\t\t\t\t\t<div class=\"elementor-container elementor-column-gap-default\">\n\t\t\t\t\t\t\t<div class=\"elementor-row\">\n\t\t\t\t\t<div class=\"elementor-column elementor-col-100 elementor-top-column elementor-element elementor-element-d6c8f46\" data-id=\"d6c8f46\" data-element_type=\"column\">\n\t\t\t<div class=\"elementor-column-wrap\">\n\t\t\t\t\t\t\t<div class=\"elementor-widget-wrap\">\n\t\t\t\t\t\t\t\t<\/div>\n\t\t\t\t\t<\/div>\n\t\t<\/div>\n\t\t\t\t\t\t\t\t<\/div>\n\t\t\t\t\t<\/div>\n\t\t<\/section>\n\t\t\t\t<section class=\"elementor-section elementor-top-section elementor-element elementor-element-2b6d87f elementor-section-boxed elementor-section-height-default elementor-section-height-default\" data-id=\"2b6d87f\" data-element_type=\"section\">\n\t\t\t\t\t\t<div class=\"elementor-container elementor-column-gap-default\">\n\t\t\t\t\t\t\t<div class=\"elementor-row\">\n\t\t\t\t\t<div class=\"elementor-column elementor-col-50 elementor-top-column elementor-element elementor-element-d2f5bda\" data-id=\"d2f5bda\" data-element_type=\"column\">\n\t\t\t<div class=\"elementor-column-wrap elementor-element-populated\">\n\t\t\t\t\t\t\t<div class=\"elementor-widget-wrap\">\n\t\t\t\t\t\t<div class=\"elementor-element elementor-element-67ea782 elementor-widget elementor-widget-heading\" data-id=\"67ea782\" data-element_type=\"widget\" data-widget_type=\"heading.default\">\n\t\t\t\t<div class=\"elementor-widget-container\">\n\t\t\t<h2 class=\"elementor-heading-title elementor-size-large\">L'universit\u00e9 fran\u00e7aise \u00e0 la mode US: un cadeau au priv\u00e9?<\/h2>\t\t<\/div>\n\t\t\t\t<\/div>\n\t\t\t\t<div class=\"elementor-element elementor-element-156642f elementor-widget elementor-widget-image\" data-id=\"156642f\" data-element_type=\"widget\" data-widget_type=\"image.default\">\n\t\t\t\t<div class=\"elementor-widget-container\">\n\t\t\t\t\t\t\t\t<div class=\"elementor-image\">\n\t\t\t\t\t\t\t\t\t\t\t\t<img loading=\"lazy\" decoding=\"async\" width=\"800\" height=\"322\" src=\"http:\/\/www.snepfsu-aix.net\/aix\/wp-content\/uploads\/2025\/07\/lettre-flash-115.png\" class=\"attachment-large size-large\" alt=\"\" srcset=\"http:\/\/www.snepfsu-aix.net\/aix\/wp-content\/uploads\/2025\/07\/lettre-flash-115.png 878w, http:\/\/www.snepfsu-aix.net\/aix\/wp-content\/uploads\/2025\/07\/lettre-flash-115-300x121.png 300w, http:\/\/www.snepfsu-aix.net\/aix\/wp-content\/uploads\/2025\/07\/lettre-flash-115-768x309.png 768w\" sizes=\"auto, (max-width: 800px) 100vw, 800px\" \/>\t\t\t\t\t\t\t\t\t\t\t\t\t\t<\/div>\n\t\t\t\t\t\t<\/div>\n\t\t\t\t<\/div>\n\t\t\t\t<div class=\"elementor-element elementor-element-291c3a8 elementor-align-center elementor-widget elementor-widget-button\" data-id=\"291c3a8\" data-element_type=\"widget\" data-widget_type=\"button.default\">\n\t\t\t\t<div class=\"elementor-widget-container\">\n\t\t\t\t\t<div class=\"elementor-button-wrapper\">\n\t\t\t<a href=\"https:\/\/www.snesup.fr\/actualites\/lettre-flash\/la-rentree-universitaire-ne-pourra-pas-avoir-lieu-appel-de-la-commission\" class=\"elementor-button-link elementor-button elementor-size-sm\" role=\"button\">\n\t\t\t\t\t\t<span class=\"elementor-button-content-wrapper\">\n\t\t\t\t\t\t<span class=\"elementor-button-text\">Cliquez ici<\/span>\n\t\t<\/span>\n\t\t\t\t\t<\/a>\n\t\t<\/div>\n\t\t\t\t<\/div>\n\t\t\t\t<\/div>\n\t\t\t\t\t\t<\/div>\n\t\t\t\t\t<\/div>\n\t\t<\/div>\n\t\t\t\t<div class=\"elementor-column elementor-col-50 elementor-top-column elementor-element elementor-element-345b099\" data-id=\"345b099\" data-element_type=\"column\">\n\t\t\t<div class=\"elementor-column-wrap elementor-element-populated\">\n\t\t\t\t\t\t\t<div class=\"elementor-widget-wrap\">\n\t\t\t\t\t\t<div class=\"elementor-element elementor-element-51229ba elementor-widget elementor-widget-text-editor\" data-id=\"51229ba\" data-element_type=\"widget\" data-widget_type=\"text-editor.default\">\n\t\t\t\t<div class=\"elementor-widget-container\">\n\t\t\t\t\t\t\t\t<div class=\"elementor-text-editor elementor-clearfix\">\n\t\t\t\t<p>Le projet de loi \u00ab Modernisation et r\u00e9gulation de l\u2019enseignement sup\u00e9rieur \u00bb a \u00e9t\u00e9 inscrit en catimini \u00e0 l\u2019ordre du jour du Conseil sup\u00e9rieur de l\u2019\u00e9ducation (CSE) du 3 juillet et du Conseil national de l\u2019enseignement sup\u00e9rieur et de la recherche (CNESER) du 8 juillet pour le faire passer au parlement le plus vite possible.\u00a0<\/p>\n<p>Entre autre ce projet de loi ouvre la possibilit\u00e9 pour des \u00e9tablissements priv\u00e9s de d\u00e9livrer eux-m\u00eames des titres universitaires (Licence, Master, etc.). Il revient ainsi sur le monopole de l\u2019\u00c9tat dans la d\u00e9livrance des grades et titres universitaires.<\/p>\t\t\t\t\t<\/div>\n\t\t\t\t\t\t<\/div>\n\t\t\t\t<\/div>\n\t\t\t\t\t\t<\/div>\n\t\t\t\t\t<\/div>\n\t\t<\/div>\n\t\t\t\t\t\t\t\t<\/div>\n\t\t\t\t\t<\/div>\n\t\t<\/section>\n\t\t\t\t<section class=\"elementor-section elementor-top-section elementor-element elementor-element-d060cf5 elementor-section-boxed elementor-section-height-default elementor-section-height-default\" data-id=\"d060cf5\" data-element_type=\"section\">\n\t\t\t\t\t\t<div class=\"elementor-container elementor-column-gap-default\">\n\t\t\t\t\t\t\t<div class=\"elementor-row\">\n\t\t\t\t\t<div class=\"elementor-column elementor-col-100 elementor-top-column elementor-element elementor-element-0f6f492\" data-id=\"0f6f492\" data-element_type=\"column\">\n\t\t\t<div class=\"elementor-column-wrap elementor-element-populated\">\n\t\t\t\t\t\t\t<div class=\"elementor-widget-wrap\">\n\t\t\t\t\t\t<div class=\"elementor-element elementor-element-9fc68a8 elementor-widget elementor-widget-image\" data-id=\"9fc68a8\" data-element_type=\"widget\" data-widget_type=\"image.default\">\n\t\t\t\t<div class=\"elementor-widget-container\">\n\t\t\t\t\t\t\t\t<div class=\"elementor-image\">\n\t\t\t\t\t\t\t\t\t\t\t\t<img loading=\"lazy\" decoding=\"async\" width=\"724\" height=\"1024\" src=\"http:\/\/www.snepfsu-aix.net\/aix\/wp-content\/uploads\/2020\/10\/20200921_Affiche_STAPS_5_renedications_R2020-724x1024.jpg\" class=\"attachment-large size-large\" alt=\"\" srcset=\"http:\/\/www.snepfsu-aix.net\/aix\/wp-content\/uploads\/2020\/10\/20200921_Affiche_STAPS_5_renedications_R2020-724x1024.jpg 724w, http:\/\/www.snepfsu-aix.net\/aix\/wp-content\/uploads\/2020\/10\/20200921_Affiche_STAPS_5_renedications_R2020-212x300.jpg 212w, http:\/\/www.snepfsu-aix.net\/aix\/wp-content\/uploads\/2020\/10\/20200921_Affiche_STAPS_5_renedications_R2020-768x1086.jpg 768w, http:\/\/www.snepfsu-aix.net\/aix\/wp-content\/uploads\/2020\/10\/20200921_Affiche_STAPS_5_renedications_R2020-1086x1536.jpg 1086w, http:\/\/www.snepfsu-aix.net\/aix\/wp-content\/uploads\/2020\/10\/20200921_Affiche_STAPS_5_renedications_R2020-1448x2048.jpg 1448w, http:\/\/www.snepfsu-aix.net\/aix\/wp-content\/uploads\/2020\/10\/20200921_Affiche_STAPS_5_renedications_R2020-scaled.jpg 1810w\" sizes=\"auto, (max-width: 724px) 100vw, 724px\" \/>\t\t\t\t\t\t\t\t\t\t\t\t\t\t<\/div>\n\t\t\t\t\t\t<\/div>\n\t\t\t\t<\/div>\n\t\t\t\t\t\t<\/div>\n\t\t\t\t\t<\/div>\n\t\t<\/div>\n\t\t\t\t\t\t\t\t<\/div>\n\t\t\t\t\t<\/div>\n\t\t<\/section>\n\t\t\t\t<section class=\"elementor-section elementor-top-section elementor-element elementor-element-7aefb1e1 elementor-section-boxed elementor-section-height-default elementor-section-height-default\" data-id=\"7aefb1e1\" data-element_type=\"section\">\n\t\t\t\t\t\t<div class=\"elementor-container elementor-column-gap-wider\">\n\t\t\t\t\t\t\t<div class=\"elementor-row\">\n\t\t\t\t\t<div class=\"elementor-column elementor-col-33 elementor-top-column elementor-element elementor-element-8bada13\" data-id=\"8bada13\" data-element_type=\"column\">\n\t\t\t<div class=\"elementor-column-wrap elementor-element-populated\">\n\t\t\t\t\t\t\t<div class=\"elementor-widget-wrap\">\n\t\t\t\t\t\t<div class=\"elementor-element elementor-element-233d1b64 elementor-position-top elementor-vertical-align-top elementor-widget elementor-widget-image-box\" data-id=\"233d1b64\" data-element_type=\"widget\" data-widget_type=\"image-box.default\">\n\t\t\t\t<div class=\"elementor-widget-container\">\n\t\t\t<div class=\"elementor-image-box-wrapper\"><figure class=\"elementor-image-box-img\"><a href=\"https:\/\/fss.univ-amu.fr\/\"><img loading=\"lazy\" decoding=\"async\" width=\"600\" height=\"200\" src=\"http:\/\/www.snepfsu-aix.net\/aix\/wp-content\/uploads\/2018\/08\/STAPS.jpg\" class=\"attachment-full size-full\" alt=\"\" \/><\/a><\/figure><div class=\"elementor-image-box-content\"><h3 class=\"elementor-image-box-title\"><a href=\"https:\/\/fss.univ-amu.fr\/\">Marseille Luminy<\/a><\/h3><\/div><\/div>\t\t<\/div>\n\t\t\t\t<\/div>\n\t\t\t\t\t\t<\/div>\n\t\t\t\t\t<\/div>\n\t\t<\/div>\n\t\t\t\t<div class=\"elementor-column elementor-col-33 elementor-top-column elementor-element elementor-element-13f612bc\" data-id=\"13f612bc\" data-element_type=\"column\">\n\t\t\t<div class=\"elementor-column-wrap elementor-element-populated\">\n\t\t\t\t\t\t\t<div class=\"elementor-widget-wrap\">\n\t\t\t\t\t\t<div class=\"elementor-element elementor-element-697b6f1e elementor-position-top elementor-vertical-align-top elementor-widget elementor-widget-image-box\" data-id=\"697b6f1e\" data-element_type=\"widget\" data-widget_type=\"image-box.default\">\n\t\t\t\t<div class=\"elementor-widget-container\">\n\t\t\t<div class=\"elementor-image-box-wrapper\"><figure class=\"elementor-image-box-img\"><a href=\"http:\/\/www.snepfsu.net\/superieur\/index.php\"><img loading=\"lazy\" decoding=\"async\" width=\"828\" height=\"315\" src=\"http:\/\/www.snepfsu-aix.net\/aix\/wp-content\/uploads\/2018\/04\/Logo-SNEP-Aix-1.jpg\" class=\"attachment-full size-full\" alt=\"\" \/><\/a><\/figure><div class=\"elementor-image-box-content\"><h3 class=\"elementor-image-box-title\"><a href=\"http:\/\/www.snepfsu.net\/superieur\/index.php\">Enseignement sup\u00e9rieur<\/a><\/h3><p class=\"elementor-image-box-description\">Rubrique de national consacr\u00e9e \u00e0 l'enseignement sup\u00e9rieur<\/p><\/div><\/div>\t\t<\/div>\n\t\t\t\t<\/div>\n\t\t\t\t\t\t<\/div>\n\t\t\t\t\t<\/div>\n\t\t<\/div>\n\t\t\t\t<div class=\"elementor-column elementor-col-33 elementor-top-column elementor-element elementor-element-36e6db78\" data-id=\"36e6db78\" data-element_type=\"column\">\n\t\t\t<div class=\"elementor-column-wrap elementor-element-populated\">\n\t\t\t\t\t\t\t<div class=\"elementor-widget-wrap\">\n\t\t\t\t\t\t<div class=\"elementor-element elementor-element-39c45ed8 elementor-position-top elementor-vertical-align-top elementor-widget elementor-widget-image-box\" data-id=\"39c45ed8\" data-element_type=\"widget\" data-widget_type=\"image-box.default\">\n\t\t\t\t<div class=\"elementor-widget-container\">\n\t\t\t<div class=\"elementor-image-box-wrapper\"><figure class=\"elementor-image-box-img\"><a href=\"http:\/\/univ-avignon.fr\/rechercher-une-formation\/licence-staps-education-et-motricite--1274.kjsp?RH=UAPV_FORMATION\"><img loading=\"lazy\" decoding=\"async\" width=\"600\" height=\"200\" src=\"http:\/\/www.snepfsu-aix.net\/aix\/wp-content\/uploads\/2018\/08\/STAPS.jpg\" class=\"attachment-full size-full\" alt=\"\" \/><\/a><\/figure><div class=\"elementor-image-box-content\"><h3 class=\"elementor-image-box-title\"><a href=\"http:\/\/univ-avignon.fr\/rechercher-une-formation\/licence-staps-education-et-motricite--1274.kjsp?RH=UAPV_FORMATION\">Avignon<\/a><\/h3><\/div><\/div>\t\t<\/div>\n\t\t\t\t<\/div>\n\t\t\t\t\t\t<\/div>\n\t\t\t\t\t<\/div>\n\t\t<\/div>\n\t\t\t\t\t\t\t\t<\/div>\n\t\t\t\t\t<\/div>\n\t\t<\/section>\n\t\t\t\t<section class=\"elementor-section elementor-top-section elementor-element elementor-element-29a03c7a elementor-section-height-min-height elementor-section-content-middle elementor-section-boxed elementor-section-height-default elementor-section-items-middle\" data-id=\"29a03c7a\" data-element_type=\"section\" data-settings=\"{&quot;background_background&quot;:&quot;classic&quot;}\">\n\t\t\t\t\t\t<div class=\"elementor-container elementor-column-gap-default\">\n\t\t\t\t\t\t\t<div class=\"elementor-row\">\n\t\t\t\t\t<div class=\"elementor-column elementor-col-50 elementor-top-column elementor-element elementor-element-6753f52e\" data-id=\"6753f52e\" data-element_type=\"column\">\n\t\t\t<div class=\"elementor-column-wrap elementor-element-populated\">\n\t\t\t\t\t\t\t<div class=\"elementor-widget-wrap\">\n\t\t\t\t\t\t<div class=\"elementor-element elementor-element-26c0d1c elementor-view-default elementor-position-top elementor-vertical-align-top elementor-widget elementor-widget-icon-box\" data-id=\"26c0d1c\" data-element_type=\"widget\" data-widget_type=\"icon-box.default\">\n\t\t\t\t<div class=\"elementor-widget-container\">\n\t\t\t\t\t<div class=\"elementor-icon-box-wrapper\">\n\t\t\t\t\t\t<div class=\"elementor-icon-box-icon\">\n\t\t\t\t<span class=\"elementor-icon elementor-animation-\" >\n\t\t\t\t<i class=\"fa fa-facebook-official\" aria-hidden=\"true\"><\/i>\t\t\t\t<\/span>\n\t\t\t<\/div>\n\t\t\t\t\t\t<div class=\"elementor-icon-box-content\">\n\t\t\t\t<h3 class=\"elementor-icon-box-title\">\n\t\t\t\t\t<span  >\n\t\t\t\t\t\tUne questions?\t\t\t\t\t<\/span>\n\t\t\t\t<\/h3>\n\t\t\t\t\t\t\t\t\t<p class=\"elementor-icon-box-description\">\n\t\t\t\t\t\tEtudiants, n'h\u00e9sitez \u00e0 nous contacter sur le facebook du SNEP FSU d'Aix-Marseille\t\t\t\t\t<\/p>\n\t\t\t\t\t\t\t<\/div>\n\t\t<\/div>\n\t\t\t\t<\/div>\n\t\t\t\t<\/div>\n\t\t\t\t\t\t<\/div>\n\t\t\t\t\t<\/div>\n\t\t<\/div>\n\t\t\t\t<div class=\"elementor-column elementor-col-50 elementor-top-column elementor-element elementor-element-7116d436\" data-id=\"7116d436\" data-element_type=\"column\">\n\t\t\t<div class=\"elementor-column-wrap elementor-element-populated\">\n\t\t\t\t\t\t\t<div class=\"elementor-widget-wrap\">\n\t\t\t\t\t\t<div class=\"elementor-element elementor-element-798bd8a1 elementor-align-center elementor-widget elementor-widget-button\" data-id=\"798bd8a1\" data-element_type=\"widget\" data-widget_type=\"button.default\">\n\t\t\t\t<div class=\"elementor-widget-container\">\n\t\t\t\t\t<div class=\"elementor-button-wrapper\">\n\t\t\t<a href=\"https:\/\/www.facebook.com\/snep.fsu.1\" target=\"_blank\" class=\"elementor-button-link elementor-button elementor-size-lg\" role=\"button\">\n\t\t\t\t\t\t<span class=\"elementor-button-content-wrapper\">\n\t\t\t\t\t\t<span class=\"elementor-button-text\">Contactez nous<\/span>\n\t\t<\/span>\n\t\t\t\t\t<\/a>\n\t\t<\/div>\n\t\t\t\t<\/div>\n\t\t\t\t<\/div>\n\t\t\t\t\t\t<\/div>\n\t\t\t\t\t<\/div>\n\t\t<\/div>\n\t\t\t\t\t\t\t\t<\/div>\n\t\t\t\t\t<\/div>\n\t\t<\/section>\n\t\t\t\t<section class=\"elementor-section elementor-top-section elementor-element elementor-element-371b74a9 elementor-section-boxed elementor-section-height-default elementor-section-height-default\" data-id=\"371b74a9\" data-element_type=\"section\">\n\t\t\t\t\t\t<div class=\"elementor-container elementor-column-gap-default\">\n\t\t\t\t\t\t\t<div class=\"elementor-row\">\n\t\t\t\t\t<div class=\"elementor-column elementor-col-100 elementor-top-column elementor-element elementor-element-24f07960\" data-id=\"24f07960\" data-element_type=\"column\">\n\t\t\t<div class=\"elementor-column-wrap elementor-element-populated\">\n\t\t\t\t\t\t\t<div class=\"elementor-widget-wrap\">\n\t\t\t\t\t\t<div class=\"elementor-element elementor-element-59a89243 elementor-widget elementor-widget-text-editor\" data-id=\"59a89243\" data-element_type=\"widget\" data-widget_type=\"text-editor.default\">\n\t\t\t\t<div class=\"elementor-widget-container\">\n\t\t\t\t\t\t\t\t<div class=\"elementor-text-editor elementor-clearfix\">\n\t\t\t\t<p>Images: <a href=\"http:\/\/www.wocintechchat.com\">WOCinTechChat<\/a>, Bike: <a href=\"https:\/\/stocksnap.io\/photo\/1684AA7587\">1<\/a>, <a href=\"https:\/\/unsplash.com\/photos\/PFZTiiJnjag\">2<\/a>, <a href=\"https:\/\/stocksnap.io\/photo\/6B6C7FF9C1\">3<\/a><\/p>\t\t\t\t\t<\/div>\n\t\t\t\t\t\t<\/div>\n\t\t\t\t<\/div>\n\t\t\t\t\t\t<\/div>\n\t\t\t\t\t<\/div>\n\t\t<\/div>\n\t\t\t\t\t\t\t\t<\/div>\n\t\t\t\t\t<\/div>\n\t\t<\/section>\n\t\t\t\t\t\t<\/div>\n\t\t\t\t\t\t<\/div>\n\t\t\t\t\t<\/div>\n\t\t","protected":false},"excerpt":{"rendered":"<p>Le SNEP-FSU\u00a0 le 11\/03\/2026\u00a0 Cher-e coll\u00e8gue de STAPS et INSPE &#8211; EPS , Nous avons constat\u00e9 ce 10 mars un<\/p>\n","protected":false},"author":2,"featured_media":0,"parent":2299,"menu_order":0,"comment_status":"closed","ping_status":"closed","template":"","meta":{"footnotes":""},"class_list":["post-2346","page","type-page","status-publish","hentry"],"_links":{"self":[{"href":"http:\/\/www.snepfsu-aix.net\/aix\/wp-json\/wp\/v2\/pages\/2346","targetHints":{"allow":["GET"]}}],"collection":[{"href":"http:\/\/www.snepfsu-aix.net\/aix\/wp-json\/wp\/v2\/pages"}],"about":[{"href":"http:\/\/www.snepfsu-aix.net\/aix\/wp-json\/wp\/v2\/types\/page"}],"author":[{"embeddable":true,"href":"http:\/\/www.snepfsu-aix.net\/aix\/wp-json\/wp\/v2\/users\/2"}],"replies":[{"embeddable":true,"href":"http:\/\/www.snepfsu-aix.net\/aix\/wp-json\/wp\/v2\/comments?post=2346"}],"version-history":[{"count":43,"href":"http:\/\/www.snepfsu-aix.net\/aix\/wp-json\/wp\/v2\/pages\/2346\/revisions"}],"predecessor-version":[{"id":10964,"href":"http:\/\/www.snepfsu-aix.net\/aix\/wp-json\/wp\/v2\/pages\/2346\/revisions\/10964"}],"up":[{"embeddable":true,"href":"http:\/\/www.snepfsu-aix.net\/aix\/wp-json\/wp\/v2\/pages\/2299"}],"wp:attachment":[{"href":"http:\/\/www.snepfsu-aix.net\/aix\/wp-json\/wp\/v2\/media?parent=2346"}],"curies":[{"name":"wp","href":"https:\/\/api.w.org\/{rel}","templated":true}]}}