{"id":2330,"date":"2018-05-22T15:31:58","date_gmt":"2018-05-22T13:31:58","guid":{"rendered":"http:\/\/www.snepfsu-aix.net\/aix\/?page_id=2330"},"modified":"2022-01-20T17:28:55","modified_gmt":"2022-01-20T16:28:55","slug":"acces-au-corps-des-agreges","status":"publish","type":"page","link":"http:\/\/www.snepfsu-aix.net\/aix\/carriere\/acces-au-corps-des-agreges\/","title":{"rendered":"Acc\u00e8s au corps des agr\u00e8g\u00e9s"},"content":{"rendered":"\t\t<div data-elementor-type=\"wp-post\" data-elementor-id=\"2330\" class=\"elementor elementor-2330\" data-elementor-settings=\"[]\">\n\t\t\t\t\t\t<div class=\"elementor-inner\">\n\t\t\t\t\t\t\t<div class=\"elementor-section-wrap\">\n\t\t\t\t\t\t\t<section class=\"elementor-section elementor-top-section elementor-element elementor-element-5892b226 elementor-section-content-middle elementor-section-boxed elementor-section-height-default elementor-section-height-default\" data-id=\"5892b226\" data-element_type=\"section\" data-settings=\"{&quot;background_background&quot;:&quot;classic&quot;}\">\n\t\t\t\t\t\t<div class=\"elementor-container elementor-column-gap-no\">\n\t\t\t\t\t\t\t<div class=\"elementor-row\">\n\t\t\t\t\t<div class=\"elementor-column elementor-col-100 elementor-top-column elementor-element elementor-element-711e0905\" data-id=\"711e0905\" data-element_type=\"column\">\n\t\t\t<div class=\"elementor-column-wrap elementor-element-populated\">\n\t\t\t\t\t\t\t<div class=\"elementor-widget-wrap\">\n\t\t\t\t\t\t<div class=\"elementor-element elementor-element-61feda2e elementor-widget elementor-widget-heading\" data-id=\"61feda2e\" data-element_type=\"widget\" data-widget_type=\"heading.default\">\n\t\t\t\t<div class=\"elementor-widget-container\">\n\t\t\t<h3 class=\"elementor-heading-title elementor-size-default\">Actualit\u00e9s<\/h3>\t\t<\/div>\n\t\t\t\t<\/div>\n\t\t\t\t<div class=\"elementor-element elementor-element-6fb1b49 elementor-widget elementor-widget-image\" data-id=\"6fb1b49\" data-element_type=\"widget\" data-widget_type=\"image.default\">\n\t\t\t\t<div class=\"elementor-widget-container\">\n\t\t\t\t\t\t\t\t<div class=\"elementor-image\">\n\t\t\t\t\t\t\t\t\t\t\t\t<img loading=\"lazy\" decoding=\"async\" width=\"800\" height=\"304\" src=\"http:\/\/www.snepfsu-aix.net\/aix\/wp-content\/uploads\/2019\/05\/promotions-de-corps-par-liste-daptitude-1.jpg\" class=\"attachment-large size-large\" alt=\"\" srcset=\"http:\/\/www.snepfsu-aix.net\/aix\/wp-content\/uploads\/2019\/05\/promotions-de-corps-par-liste-daptitude-1.jpg 828w, http:\/\/www.snepfsu-aix.net\/aix\/wp-content\/uploads\/2019\/05\/promotions-de-corps-par-liste-daptitude-1-300x114.jpg 300w, http:\/\/www.snepfsu-aix.net\/aix\/wp-content\/uploads\/2019\/05\/promotions-de-corps-par-liste-daptitude-1-768x292.jpg 768w\" sizes=\"auto, (max-width: 800px) 100vw, 800px\" \/>\t\t\t\t\t\t\t\t\t\t\t\t\t\t<\/div>\n\t\t\t\t\t\t<\/div>\n\t\t\t\t<\/div>\n\t\t\t\t<div class=\"elementor-element elementor-element-2aaa1c84 elementor-position-left elementor-view-default elementor-vertical-align-top elementor-widget elementor-widget-icon-box\" data-id=\"2aaa1c84\" data-element_type=\"widget\" data-widget_type=\"icon-box.default\">\n\t\t\t\t<div class=\"elementor-widget-container\">\n\t\t\t\t\t<div class=\"elementor-icon-box-wrapper\">\n\t\t\t\t\t\t<div class=\"elementor-icon-box-icon\">\n\t\t\t\t<span class=\"elementor-icon elementor-animation-grow\" >\n\t\t\t\t<i aria-hidden=\"true\" class=\"far fa-check-square\"><\/i>\t\t\t\t<\/span>\n\t\t\t<\/div>\n\t\t\t\t\t\t<div class=\"elementor-icon-box-content\">\n\t\t\t\t<h3 class=\"elementor-icon-box-title\">\n\t\t\t\t\t<span  >\n\t\t\t\t\t\tAcc\u00e8s au corps des agr\u00e9g\u00e9s par liste d\u2019aptitude 2022\t\t\t\t\t<\/span>\n\t\t\t\t<\/h3>\n\t\t\t\t\t\t\t<\/div>\n\t\t<\/div>\n\t\t\t\t<\/div>\n\t\t\t\t<\/div>\n\t\t\t\t<section class=\"elementor-section elementor-inner-section elementor-element elementor-element-b0fb67e elementor-section-boxed elementor-section-height-default elementor-section-height-default\" data-id=\"b0fb67e\" data-element_type=\"section\">\n\t\t\t\t\t\t<div class=\"elementor-container elementor-column-gap-default\">\n\t\t\t\t\t\t\t<div class=\"elementor-row\">\n\t\t\t\t\t<div class=\"elementor-column elementor-col-50 elementor-inner-column elementor-element elementor-element-19e60f7\" data-id=\"19e60f7\" data-element_type=\"column\">\n\t\t\t<div class=\"elementor-column-wrap elementor-element-populated\">\n\t\t\t\t\t\t\t<div class=\"elementor-widget-wrap\">\n\t\t\t\t\t\t<div class=\"elementor-element elementor-element-462ef41 elementor-widget elementor-widget-image\" data-id=\"462ef41\" data-element_type=\"widget\" data-widget_type=\"image.default\">\n\t\t\t\t<div class=\"elementor-widget-container\">\n\t\t\t\t\t\t\t\t<div class=\"elementor-image\">\n\t\t\t\t\t\t\t\t\t\t\t\t\t<a href=\"http:\/\/www.snepfsu-aix.net\/aix\/wp-content\/uploads\/2022\/01\/LISTEAPTAGREGE56857.pdf\">\n\t\t\t\t\t\t\t<img loading=\"lazy\" decoding=\"async\" width=\"225\" height=\"300\" src=\"http:\/\/www.snepfsu-aix.net\/aix\/wp-content\/uploads\/2021\/02\/BA-liste-aptitude-2021-225x300.png\" class=\"attachment-medium size-medium\" alt=\"\" srcset=\"http:\/\/www.snepfsu-aix.net\/aix\/wp-content\/uploads\/2021\/02\/BA-liste-aptitude-2021-225x300.png 225w, http:\/\/www.snepfsu-aix.net\/aix\/wp-content\/uploads\/2021\/02\/BA-liste-aptitude-2021.png 500w\" sizes=\"auto, (max-width: 225px) 100vw, 225px\" \/>\t\t\t\t\t\t\t\t<\/a>\n\t\t\t\t\t\t\t\t\t\t\t\t\t\t<\/div>\n\t\t\t\t\t\t<\/div>\n\t\t\t\t<\/div>\n\t\t\t\t<div class=\"elementor-element elementor-element-bda1b44 elementor-widget elementor-widget-text-editor\" data-id=\"bda1b44\" data-element_type=\"widget\" data-widget_type=\"text-editor.default\">\n\t\t\t\t<div class=\"elementor-widget-container\">\n\t\t\t\t\t\t\t\t<div class=\"elementor-text-editor elementor-clearfix\">\n\t\t\t\t<p style=\"text-align: center;\"><em>Cliquez sur l&rsquo;image pour lire le BA<\/em><\/p>\t\t\t\t\t<\/div>\n\t\t\t\t\t\t<\/div>\n\t\t\t\t<\/div>\n\t\t\t\t\t\t<\/div>\n\t\t\t\t\t<\/div>\n\t\t<\/div>\n\t\t\t\t<div class=\"elementor-column elementor-col-50 elementor-inner-column elementor-element elementor-element-4c9361c\" data-id=\"4c9361c\" data-element_type=\"column\">\n\t\t\t<div class=\"elementor-column-wrap elementor-element-populated\">\n\t\t\t\t\t\t\t<div class=\"elementor-widget-wrap\">\n\t\t\t\t\t\t<div class=\"elementor-element elementor-element-9fc1984 elementor-widget elementor-widget-text-editor\" data-id=\"9fc1984\" data-element_type=\"widget\" data-widget_type=\"text-editor.default\">\n\t\t\t\t<div class=\"elementor-widget-container\">\n\t\t\t\t\t\t\t\t<div class=\"elementor-text-editor elementor-clearfix\">\n\t\t\t\t<p><span style=\"font-family: sourcesanspro-light-webfont, 'sans serif'; font-size: 18px;\">La saisie doit s&rsquo;effectue du 3 au 24 janvier 2022<\/span><span style=\"font-family: sourcesanspro-light-webfont, 'sans serif'; font-size: 18px;\"> sur <a href=\"https:\/\/www.education.gouv.fr\/i-prof-l-assistant-carriere-12194\">https:\/\/www.education.gouv.fr\/i-prof-l-assistant-carriere-12194<\/a><\/span><\/p>\t\t\t\t\t<\/div>\n\t\t\t\t\t\t<\/div>\n\t\t\t\t<\/div>\n\t\t\t\t<div class=\"elementor-element elementor-element-e62b045 elementor-button-info elementor-align-center elementor-widget elementor-widget-button\" data-id=\"e62b045\" data-element_type=\"widget\" data-widget_type=\"button.default\">\n\t\t\t\t<div class=\"elementor-widget-container\">\n\t\t\t\t\t<div class=\"elementor-button-wrapper\">\n\t\t\t<a href=\"http:\/\/www.snepfsu-aix.net\/aix\/wp-content\/uploads\/2022\/01\/liste-daptitude-agreges-202256916.pdf\" class=\"elementor-button-link elementor-button elementor-size-md\" role=\"button\">\n\t\t\t\t\t\t<span class=\"elementor-button-content-wrapper\">\n\t\t\t\t\t\t<span class=\"elementor-button-text\">Info du SNEP Aix-Marseille<\/span>\n\t\t<\/span>\n\t\t\t\t\t<\/a>\n\t\t<\/div>\n\t\t\t\t<\/div>\n\t\t\t\t<\/div>\n\t\t\t\t<div class=\"elementor-element elementor-element-dfd6427 elementor-align-center elementor-widget elementor-widget-button\" data-id=\"dfd6427\" data-element_type=\"widget\" data-widget_type=\"button.default\">\n\t\t\t\t<div class=\"elementor-widget-container\">\n\t\t\t\t\t<div class=\"elementor-button-wrapper\">\n\t\t\t<a href=\"https:\/\/lesite.snepfsu.fr\/ma-carriere\/evaluation-avancement-et-remuneration\/profs-deps\/acces-au-corps-des-agreges\/\" class=\"elementor-button-link elementor-button elementor-size-sm\" role=\"button\">\n\t\t\t\t\t\t<span class=\"elementor-button-content-wrapper\">\n\t\t\t\t\t\t<span class=\"elementor-button-text\">Article du SNEP National<\/span>\n\t\t<\/span>\n\t\t\t\t\t<\/a>\n\t\t<\/div>\n\t\t\t\t<\/div>\n\t\t\t\t<\/div>\n\t\t\t\t\t\t<\/div>\n\t\t\t\t\t<\/div>\n\t\t<\/div>\n\t\t\t\t\t\t\t\t<\/div>\n\t\t\t\t\t<\/div>\n\t\t<\/section>\n\t\t\t\t\t\t<\/div>\n\t\t\t\t\t<\/div>\n\t\t<\/div>\n\t\t\t\t\t\t\t\t<\/div>\n\t\t\t\t\t<\/div>\n\t\t<\/section>\n\t\t\t\t<section class=\"elementor-section elementor-top-section elementor-element elementor-element-850e7d9 elementor-section-boxed elementor-section-height-default elementor-section-height-default\" data-id=\"850e7d9\" data-element_type=\"section\">\n\t\t\t\t\t\t<div class=\"elementor-container elementor-column-gap-default\">\n\t\t\t\t\t\t\t<div class=\"elementor-row\">\n\t\t\t\t\t<div class=\"elementor-column elementor-col-100 elementor-top-column elementor-element elementor-element-25bc399\" data-id=\"25bc399\" data-element_type=\"column\">\n\t\t\t<div class=\"elementor-column-wrap\">\n\t\t\t\t\t\t\t<div class=\"elementor-widget-wrap\">\n\t\t\t\t\t\t\t\t<\/div>\n\t\t\t\t\t<\/div>\n\t\t<\/div>\n\t\t\t\t\t\t\t\t<\/div>\n\t\t\t\t\t<\/div>\n\t\t<\/section>\n\t\t\t\t<section class=\"elementor-section elementor-top-section elementor-element elementor-element-566e86a elementor-section-content-middle elementor-section-boxed elementor-section-height-default elementor-section-height-default\" data-id=\"566e86a\" data-element_type=\"section\" data-settings=\"{&quot;background_background&quot;:&quot;classic&quot;}\">\n\t\t\t\t\t\t\t<div class=\"elementor-background-overlay\"><\/div>\n\t\t\t\t\t\t\t<div class=\"elementor-container elementor-column-gap-no\">\n\t\t\t\t\t\t\t<div class=\"elementor-row\">\n\t\t\t\t\t<div class=\"elementor-column elementor-col-100 elementor-top-column elementor-element elementor-element-50993bd\" data-id=\"50993bd\" data-element_type=\"column\">\n\t\t\t<div class=\"elementor-column-wrap elementor-element-populated\">\n\t\t\t\t\t\t\t<div class=\"elementor-widget-wrap\">\n\t\t\t\t\t\t<div class=\"elementor-element elementor-element-83259c5 elementor-widget elementor-widget-text-editor\" data-id=\"83259c5\" data-element_type=\"widget\" data-widget_type=\"text-editor.default\">\n\t\t\t\t<div class=\"elementor-widget-container\">\n\t\t\t\t\t\t\t\t<div class=\"elementor-text-editor elementor-clearfix\">\n\t\t\t\t<p>Remplir et nous envoyer votre fiche syndicale liste d&rsquo;aptitude 2021\/2022, afin de v\u00e9rifier votre dossier.<\/p>\t\t\t\t\t<\/div>\n\t\t\t\t\t\t<\/div>\n\t\t\t\t<\/div>\n\t\t\t\t<div class=\"elementor-element elementor-element-995c92a elementor-widget elementor-widget-image\" data-id=\"995c92a\" data-element_type=\"widget\" data-widget_type=\"image.default\">\n\t\t\t\t<div class=\"elementor-widget-container\">\n\t\t\t\t\t\t\t\t<div class=\"elementor-image\">\n\t\t\t\t\t\t\t\t\t\t\t\t\t<a href=\"http:\/\/www.snepfsu-aix.net\/aix\/wp-content\/uploads\/2022\/01\/fiche-acces-au-corps-des-agreges-par-LA-2021-202258332.pdf\">\n\t\t\t\t\t\t\t<img loading=\"lazy\" decoding=\"async\" width=\"211\" height=\"300\" src=\"http:\/\/www.snepfsu-aix.net\/aix\/wp-content\/uploads\/2019\/04\/fiche-syndicale-hors-classe-2019-211x300.png\" class=\"attachment-medium size-medium\" alt=\"\" srcset=\"http:\/\/www.snepfsu-aix.net\/aix\/wp-content\/uploads\/2019\/04\/fiche-syndicale-hors-classe-2019-211x300.png 211w, http:\/\/www.snepfsu-aix.net\/aix\/wp-content\/uploads\/2019\/04\/fiche-syndicale-hors-classe-2019.png 376w\" sizes=\"auto, (max-width: 211px) 100vw, 211px\" \/>\t\t\t\t\t\t\t\t<\/a>\n\t\t\t\t\t\t\t\t\t\t\t\t\t\t<\/div>\n\t\t\t\t\t\t<\/div>\n\t\t\t\t<\/div>\n\t\t\t\t\t\t<\/div>\n\t\t\t\t\t<\/div>\n\t\t<\/div>\n\t\t\t\t\t\t\t\t<\/div>\n\t\t\t\t\t<\/div>\n\t\t<\/section>\n\t\t\t\t\t\t<\/div>\n\t\t\t\t\t\t<\/div>\n\t\t\t\t\t<\/div>\n\t\t","protected":false},"excerpt":{"rendered":"<p>Actualit\u00e9s Acc\u00e8s au corps des agr\u00e9g\u00e9s par liste d\u2019aptitude 2022 Cliquez sur l&rsquo;image pour lire le BA La saisie doit<\/p>\n","protected":false},"author":2,"featured_media":0,"parent":2263,"menu_order":2,"comment_status":"closed","ping_status":"closed","template":"","meta":{"footnotes":""},"class_list":["post-2330","page","type-page","status-publish","hentry"],"_links":{"self":[{"href":"http:\/\/www.snepfsu-aix.net\/aix\/wp-json\/wp\/v2\/pages\/2330","targetHints":{"allow":["GET"]}}],"collection":[{"href":"http:\/\/www.snepfsu-aix.net\/aix\/wp-json\/wp\/v2\/pages"}],"about":[{"href":"http:\/\/www.snepfsu-aix.net\/aix\/wp-json\/wp\/v2\/types\/page"}],"author":[{"embeddable":true,"href":"http:\/\/www.snepfsu-aix.net\/aix\/wp-json\/wp\/v2\/users\/2"}],"replies":[{"embeddable":true,"href":"http:\/\/www.snepfsu-aix.net\/aix\/wp-json\/wp\/v2\/comments?post=2330"}],"version-history":[{"count":47,"href":"http:\/\/www.snepfsu-aix.net\/aix\/wp-json\/wp\/v2\/pages\/2330\/revisions"}],"predecessor-version":[{"id":6693,"href":"http:\/\/www.snepfsu-aix.net\/aix\/wp-json\/wp\/v2\/pages\/2330\/revisions\/6693"}],"up":[{"embeddable":true,"href":"http:\/\/www.snepfsu-aix.net\/aix\/wp-json\/wp\/v2\/pages\/2263"}],"wp:attachment":[{"href":"http:\/\/www.snepfsu-aix.net\/aix\/wp-json\/wp\/v2\/media?parent=2330"}],"curies":[{"name":"wp","href":"https:\/\/api.w.org\/{rel}","templated":true}]}}