{"id":2312,"date":"2018-05-22T14:40:33","date_gmt":"2018-05-22T12:40:33","guid":{"rendered":"http:\/\/www.snepfsu-aix.net\/aix\/?page_id=2312"},"modified":"2023-06-14T16:32:03","modified_gmt":"2023-06-14T14:32:03","slug":"mouvement-tzr","status":"publish","type":"page","link":"http:\/\/www.snepfsu-aix.net\/aix\/mutations\/mouvement-tzr\/","title":{"rendered":"Mouvement TZR"},"content":{"rendered":"\t\t<div data-elementor-type=\"wp-post\" data-elementor-id=\"2312\" class=\"elementor elementor-2312\" data-elementor-settings=\"[]\">\n\t\t\t\t\t\t<div class=\"elementor-inner\">\n\t\t\t\t\t\t\t<div class=\"elementor-section-wrap\">\n\t\t\t\t\t\t\t<section class=\"elementor-section elementor-top-section elementor-element elementor-element-8535d5d elementor-section-boxed elementor-section-height-default elementor-section-height-default\" data-id=\"8535d5d\" data-element_type=\"section\" data-settings=\"{&quot;background_background&quot;:&quot;classic&quot;}\">\n\t\t\t\t\t\t<div class=\"elementor-container elementor-column-gap-default\">\n\t\t\t\t\t\t\t<div class=\"elementor-row\">\n\t\t\t\t\t<div class=\"elementor-column elementor-col-100 elementor-top-column elementor-element elementor-element-c3350d7\" data-id=\"c3350d7\" data-element_type=\"column\">\n\t\t\t<div class=\"elementor-column-wrap elementor-element-populated\">\n\t\t\t\t\t\t\t<div class=\"elementor-widget-wrap\">\n\t\t\t\t\t\t<div class=\"elementor-element elementor-element-62cd6e4 elementor-widget elementor-widget-heading\" data-id=\"62cd6e4\" data-element_type=\"widget\" data-widget_type=\"heading.default\">\n\t\t\t\t<div class=\"elementor-widget-container\">\n\t\t\t<h2 class=\"elementor-heading-title elementor-size-default\">Actualit\u00e9s TZR 2023!<\/h2>\t\t<\/div>\n\t\t\t\t<\/div>\n\t\t\t\t<section class=\"elementor-section elementor-inner-section elementor-element elementor-element-45eeb96 elementor-section-boxed elementor-section-height-default elementor-section-height-default\" data-id=\"45eeb96\" data-element_type=\"section\">\n\t\t\t\t\t\t<div class=\"elementor-container elementor-column-gap-default\">\n\t\t\t\t\t\t\t<div class=\"elementor-row\">\n\t\t\t\t\t<div class=\"elementor-column elementor-col-50 elementor-inner-column elementor-element elementor-element-dd74e1a\" data-id=\"dd74e1a\" data-element_type=\"column\">\n\t\t\t<div class=\"elementor-column-wrap elementor-element-populated\">\n\t\t\t\t\t\t\t<div class=\"elementor-widget-wrap\">\n\t\t\t\t\t\t<div class=\"elementor-element elementor-element-450d8fb elementor-view-default elementor-widget elementor-widget-icon\" data-id=\"450d8fb\" data-element_type=\"widget\" data-widget_type=\"icon.default\">\n\t\t\t\t<div class=\"elementor-widget-container\">\n\t\t\t\t\t<div class=\"elementor-icon-wrapper\">\n\t\t\t<div class=\"elementor-icon\">\n\t\t\t<i aria-hidden=\"true\" class=\"far fa-paper-plane\"><\/i>\t\t\t<\/div>\n\t\t<\/div>\n\t\t\t\t<\/div>\n\t\t\t\t<\/div>\n\t\t\t\t\t\t<\/div>\n\t\t\t\t\t<\/div>\n\t\t<\/div>\n\t\t\t\t<div class=\"elementor-column elementor-col-50 elementor-inner-column elementor-element elementor-element-9f7e2a0\" data-id=\"9f7e2a0\" data-element_type=\"column\">\n\t\t\t<div class=\"elementor-column-wrap elementor-element-populated\">\n\t\t\t\t\t\t\t<div class=\"elementor-widget-wrap\">\n\t\t\t\t\t\t<div class=\"elementor-element elementor-element-b85fdd5 elementor-widget elementor-widget-heading\" data-id=\"b85fdd5\" data-element_type=\"widget\" data-widget_type=\"heading.default\">\n\t\t\t\t<div class=\"elementor-widget-container\">\n\t\t\t<h5 class=\"elementor-heading-title elementor-size-default\">PERSONNELS AFFECTES DANS DES FONCTIONS DE REMPLACEMENT (TZR<\/h5>\t\t<\/div>\n\t\t\t\t<\/div>\n\t\t\t\t<div class=\"elementor-element elementor-element-d007741 elementor-widget elementor-widget-text-editor\" data-id=\"d007741\" data-element_type=\"widget\" data-widget_type=\"text-editor.default\">\n\t\t\t\t<div class=\"elementor-widget-container\">\n\t\t\t\t\t\t\t\t<div class=\"elementor-text-editor elementor-clearfix\">\n\t\t\t\t<div data-block=\"true\" data-editor=\"7290l\" data-offset-key=\"8la44-0-0\">\n<div data-offset-key=\"8la44-0-0\"><address><span style=\"font-size: 16px; font-style: italic;\">Les personnels enseignants rempla\u00e7ants sont affect\u00e9s par le recteur dans une zone de remplacement (cf. annexes 4a et 4b). Ils sont rattach\u00e9s \u00e0 un \u00e9tablissement ou service pour leur gestion administrative (RAD). Ils re\u00e7oivent avant la rentr\u00e9e scolaire une affectation \u00e0 l&rsquo;ann\u00e9e (AFA) ou restent disponibles pour assurer des suppl\u00e9ances. Ils doivent participer \u00e0 la campagne de saisie des v\u0153ux de pr\u00e9f\u00e9rence d\u2019affectation.\u00a0<\/span><\/address><address>PROCEDURE DE SAISIE DES V\u0152UX DES TZR: Tous les titulaires de zone de remplacement (TZR), anciennement et nouvellement nomm\u00e9s, qu\u2019ils participent ou non au mouvement intra-acad\u00e9mique 2023, devront se connecter \u00e0 l\u2019aide de leur NUMEN <strong>entre le mardi 20 juin 2023 et le mardi 27 juin 2023<\/strong> \u00e0 l\u2019application LILMAC afin de participer \u00e0 la phase d\u2019ajustement.\u00a0<\/address><address><a href=\"https:\/\/bv.ac-aix-marseille.fr\/lilmac\/Lilmac\">https:\/\/bv.ac-aix-marseille.fr\/lilmac\/Lilmac\u00a0<\/a><\/address><address>Les TZR seront prioritairement affect\u00e9s \u00e0 l\u2019ann\u00e9e en fonction de leur bar\u00e8me, de leurs v\u0153ux et des blocs de moyens provisoires (BMP) disponibles. . En l\u2019absence de formulation de v\u0153ux, leur affectation sera prononc\u00e9e selon les seules n\u00e9cessit\u00e9s du service.\u00a0<\/address><\/div>\n<\/div>\t\t\t\t\t<\/div>\n\t\t\t\t\t\t<\/div>\n\t\t\t\t<\/div>\n\t\t\t\t\t\t<\/div>\n\t\t\t\t\t<\/div>\n\t\t<\/div>\n\t\t\t\t\t\t\t\t<\/div>\n\t\t\t\t\t<\/div>\n\t\t<\/section>\n\t\t\t\t\t\t<\/div>\n\t\t\t\t\t<\/div>\n\t\t<\/div>\n\t\t\t\t\t\t\t\t<\/div>\n\t\t\t\t\t<\/div>\n\t\t<\/section>\n\t\t\t\t<section class=\"elementor-section elementor-top-section elementor-element elementor-element-6dd3a7c elementor-section-boxed elementor-section-height-default elementor-section-height-default\" data-id=\"6dd3a7c\" data-element_type=\"section\">\n\t\t\t\t\t\t<div class=\"elementor-container elementor-column-gap-default\">\n\t\t\t\t\t\t\t<div class=\"elementor-row\">\n\t\t\t\t\t<div class=\"elementor-column elementor-col-100 elementor-top-column elementor-element elementor-element-5051821\" data-id=\"5051821\" data-element_type=\"column\">\n\t\t\t<div class=\"elementor-column-wrap elementor-element-populated\">\n\t\t\t\t\t\t\t<div class=\"elementor-widget-wrap\">\n\t\t\t\t\t\t<div class=\"elementor-element elementor-element-fcf2240 elementor-widget elementor-widget-image\" data-id=\"fcf2240\" data-element_type=\"widget\" data-widget_type=\"image.default\">\n\t\t\t\t<div class=\"elementor-widget-container\">\n\t\t\t\t\t\t\t\t<div class=\"elementor-image\">\n\t\t\t\t\t\t\t\t\t\t\t\t\t<a href=\"http:\/\/www.snepfsu-aix.net\/aix\/wp-content\/uploads\/2019\/06\/calendrier-TZR2019-3.png\" data-elementor-open-lightbox=\"yes\" data-elementor-lightbox-title=\"calendrier TZR2019\">\n\t\t\t\t\t\t\t<img loading=\"lazy\" decoding=\"async\" width=\"800\" height=\"470\" src=\"http:\/\/www.snepfsu-aix.net\/aix\/wp-content\/uploads\/2019\/06\/calendrier-TZR2019-3-1024x601.png\" class=\"attachment-large size-large\" alt=\"\" srcset=\"http:\/\/www.snepfsu-aix.net\/aix\/wp-content\/uploads\/2019\/06\/calendrier-TZR2019-3-1024x601.png 1024w, http:\/\/www.snepfsu-aix.net\/aix\/wp-content\/uploads\/2019\/06\/calendrier-TZR2019-3-300x176.png 300w, http:\/\/www.snepfsu-aix.net\/aix\/wp-content\/uploads\/2019\/06\/calendrier-TZR2019-3-768x450.png 768w, http:\/\/www.snepfsu-aix.net\/aix\/wp-content\/uploads\/2019\/06\/calendrier-TZR2019-3.png 1064w\" sizes=\"auto, (max-width: 800px) 100vw, 800px\" \/>\t\t\t\t\t\t\t\t<\/a>\n\t\t\t\t\t\t\t\t\t\t\t\t\t\t<\/div>\n\t\t\t\t\t\t<\/div>\n\t\t\t\t<\/div>\n\t\t\t\t\t\t<\/div>\n\t\t\t\t\t<\/div>\n\t\t<\/div>\n\t\t\t\t\t\t\t\t<\/div>\n\t\t\t\t\t<\/div>\n\t\t<\/section>\n\t\t\t\t\t\t<\/div>\n\t\t\t\t\t\t<\/div>\n\t\t\t\t\t<\/div>\n\t\t","protected":false},"excerpt":{"rendered":"<p>Actualit\u00e9s TZR 2023! PERSONNELS AFFECTES DANS DES FONCTIONS DE REMPLACEMENT (TZR Les personnels enseignants rempla\u00e7ants sont affect\u00e9s par le recteur<\/p>\n","protected":false},"author":2,"featured_media":0,"parent":2275,"menu_order":0,"comment_status":"closed","ping_status":"closed","template":"","meta":{"footnotes":""},"class_list":["post-2312","page","type-page","status-publish","hentry"],"_links":{"self":[{"href":"http:\/\/www.snepfsu-aix.net\/aix\/wp-json\/wp\/v2\/pages\/2312","targetHints":{"allow":["GET"]}}],"collection":[{"href":"http:\/\/www.snepfsu-aix.net\/aix\/wp-json\/wp\/v2\/pages"}],"about":[{"href":"http:\/\/www.snepfsu-aix.net\/aix\/wp-json\/wp\/v2\/types\/page"}],"author":[{"embeddable":true,"href":"http:\/\/www.snepfsu-aix.net\/aix\/wp-json\/wp\/v2\/users\/2"}],"replies":[{"embeddable":true,"href":"http:\/\/www.snepfsu-aix.net\/aix\/wp-json\/wp\/v2\/comments?post=2312"}],"version-history":[{"count":26,"href":"http:\/\/www.snepfsu-aix.net\/aix\/wp-json\/wp\/v2\/pages\/2312\/revisions"}],"predecessor-version":[{"id":8336,"href":"http:\/\/www.snepfsu-aix.net\/aix\/wp-json\/wp\/v2\/pages\/2312\/revisions\/8336"}],"up":[{"embeddable":true,"href":"http:\/\/www.snepfsu-aix.net\/aix\/wp-json\/wp\/v2\/pages\/2275"}],"wp:attachment":[{"href":"http:\/\/www.snepfsu-aix.net\/aix\/wp-json\/wp\/v2\/media?parent=2312"}],"curies":[{"name":"wp","href":"https:\/\/api.w.org\/{rel}","templated":true}]}}